{"id":12223,"date":"2026-04-14T16:57:32","date_gmt":"2026-04-14T16:57:32","guid":{"rendered":"http:\/\/192.168.2.19:8080\/?page_id=12223"},"modified":"2026-04-19T19:36:20","modified_gmt":"2026-04-19T19:36:20","slug":"vrienden","status":"publish","type":"page","link":"https:\/\/ruinetheater.nl\/index.php\/vrienden\/","title":{"rendered":"uw ondersteuning"},"content":{"rendered":"\n<div class=\"wp-block-group has-global-padding is-layout-constrained wp-block-group-is-layout-constrained\">\n<div data-aos-easing=\"ease-in-out\" data-aos=\"fade-in\" class=\"wp-block-group alignwide is-layout-grid wp-container-core-group-is-layout-bb3f997e wp-block-group-is-layout-grid wpbbe-4\">\n<div class=\"wp-block-group has-global-padding is-layout-constrained wp-container-core-group-is-layout-711ebcaa wp-block-group-is-layout-constrained\"><div class=\"wpbbe-svg-icon wpbbe-1 wp-block-wpbbe-svg-inline\"><a href=\"\/over-ons\/\" class=\"svg-wrapper svg-link\" aria-label=\"Linked icon\" ><?xml version=\"1.0\" encoding=\"UTF-8\"?> <svg focusable=\"false\" xmlns=\"http:\/\/www.w3.org\/2000\/svg\" fill=\"#000000\" width=\"800px\" height=\"800px\" viewBox=\"0 0 1920 1920\"><path d=\"M480 660h960V540H480v120Zm0 360h720V900H480v120Zm-60 810H300c0-231.6 188.4-420 420-420h1080V210H120v1620H0V90h1920v1440H720c-165.36 0-300 134.64-300 300\" fill-rule=\"evenodd\"><\/path><\/svg> <\/a><\/div>\n\n\n<h3 class=\"wp-block-heading has-text-align-center has-bbe-title-5-font-size\">sponsor<\/h3>\n\n\n\n<p class=\"has-text-align-center has-bbe-medium-font-size\">Word sponsor en ondersteun daarmee de voorstellingen<\/p>\n<\/div>\n\n\n\n<div class=\"wp-block-group has-global-padding is-layout-constrained wp-container-core-group-is-layout-711ebcaa wp-block-group-is-layout-constrained\"><div class=\"wpbbe-svg-icon wpbbe-2 wp-block-wpbbe-svg-inline\"><a href=\"#contact\" class=\"svg-wrapper svg-link\" aria-label=\"Linked icon\" ><?xml version=\"1.0\" encoding=\"UTF-8\"?> <svg focusable=\"false\" xmlns=\"http:\/\/www.w3.org\/2000\/svg\" fill=\"#000000\" width=\"800px\" height=\"800px\" viewBox=\"0 0 1920 1920\"><path d=\"M716.582 133c212.77 0 385.853 173.192 385.853 385.852v110.244c0 116.747-53.138 220.266-135.38 291.042 59.642 7.276 119.284 16.316 178.154 28.774 166.798 35.057 287.956 194.139 287.956 378.245v211.888l-22.49 16.426c-120.937 88.746-367.22 232.393-694.974 232.393-17.309 0-34.837-.44-52.587-1.212-288.727-13.56-507.781-133.174-640.735-231.18L0 1538.934v-211.888c0-184.107 121.268-343.188 288.287-378.245 58.539-12.348 117.85-21.829 177.381-28.994-82.02-70.887-134.938-174.185-134.938-290.712V518.852C330.73 306.192 503.813 133 716.582 133Zm405.917 923.73c-149.931-31.64-304.162-45.751-455.416-41.782-119.173 2.976-239.008 17.087-356.086 41.672-116.307 24.474-200.754 138.245-200.754 270.427v155.774c122.15 85.439 312.54 182.122 558.053 193.698 303.39 14.552 532.035-108.59 654.625-193.808v-155.554c0-132.292-84.336-245.953-200.422-270.427ZM625.08 518.852c-38.695 0-55.342 15.324-82.903 40.68-23.702 21.938-53.909 49.61-101.203 62.398v7.166c0 152.025 123.583 275.608 275.608 275.608 152.026 0 275.61-123.583 275.61-275.608v-45.2c-29.326 23.261-68.242 45.2-127.883 45.2-81.69 0-125.568-40.35-157.648-69.785-27.23-25.245-43.657-40.459-81.58-40.459ZM1842.058 307.66 1920 385.6l-431.713 431.713-235.37-235.37 77.942-77.942 157.428 157.428 353.77-353.771ZM716.582 243.243c-145.3 0-263.481 113.441-273.624 256.206 7.717-5.953 15.545-12.678 24.474-20.946 32.081-29.435 75.958-69.894 157.648-69.894 80.92 0 124.575 40.238 156.326 69.563 27.56 25.356 44.207 40.68 82.903 40.68 37.593 0 53.798-15.103 80.918-40.129 11.025-10.142 22.82-20.946 36.491-30.978-31.64-117.41-137.915-204.502-265.136-204.502Z\" fill-rule=\"evenodd\"><\/path><\/svg> <\/a><\/div>\n\n\n<h3 class=\"wp-block-heading has-text-align-center has-bbe-title-5-font-size\">vriend of clublid<\/h3>\n\n\n\n<p class=\"has-text-align-center has-bbe-medium-font-size\">Als vriend of clublid krijgt u kleine voordelen en is ook uw extra ondersteuning welkom<\/p>\n<\/div>\n\n\n\n<div class=\"wp-block-group has-global-padding is-layout-constrained wp-container-core-group-is-layout-711ebcaa wp-block-group-is-layout-constrained\"><div class=\"wpbbe-svg-icon wpbbe-3 wp-block-wpbbe-svg-inline\"><a href=\"\/kaartverkoop\/\" class=\"svg-wrapper svg-link\" aria-label=\"Linked icon\" ><?xml version=\"1.0\" encoding=\"UTF-8\"?> <svg focusable=\"false\" xmlns=\"http:\/\/www.w3.org\/2000\/svg\" fill=\"#000000\" width=\"800px\" height=\"800px\" viewBox=\"0 0 1920 1920\"><path d=\"M1420.811 1342.116c29.93-44.724 47.436-98.484 47.436-156.197 0-136.32-97.13-250.391-225.883-276.593v260.668l178.447 172.122Zm-517.27-156.197c0 155.745 126.607 282.353 282.353 282.353 57.148 0 110.23-17.28 154.73-46.645l-211.2-203.633V909.326c-128.754 26.202-225.883 140.273-225.883 276.593Zm282.353-395.295c217.976 0 395.294 177.318 395.294 395.295 0 217.976-177.318 395.294-395.294 395.294-217.977 0-395.294-177.318-395.294-395.294 0-217.977 177.317-395.295 395.294-395.295Zm169.4-564.683v451.765h451.765v1016.47H112.94V225.941h1242.353ZM677.647 677.706H338.824v112.941h338.823V677.706Zm338.824-225.882v112.94H338.824v-112.94h677.647Zm451.764-202.504 315.445 315.445h-315.445V249.32Zm402.184 242.485L1541.195 162.58c-31.51-31.51-75.219-49.581-119.717-49.581H0v1694.118h1920V611.522c0-45.176-17.619-87.755-49.581-119.717Z\" fill-rule=\"evenodd\"><\/path><\/svg> <\/a><\/div>\n\n\n<h3 class=\"wp-block-heading has-text-align-center has-bbe-title-5-font-size\">voordelen<\/h3>\n\n\n\n<p class=\"has-text-align-center has-bbe-medium-font-size\">De voordelen als vriend of clublid<\/p>\n<\/div>\n<\/div>\n\n\n\n<div style=\"height:73px\" aria-hidden=\"true\" class=\"wp-block-spacer\"><\/div>\n<\/div>\n\n\n\n<div class=\"wp-block-group alignwide is-vertical is-content-justification-stretch is-layout-flex wp-container-core-group-is-layout-d64b8eb1 wp-block-group-is-layout-flex\">\n<h2 class=\"wp-block-heading has-text-align-center has-bbe-primary-600-color has-text-color has-link-color has-bbe-x-large-font-size wp-elements-be10473e6002b61e42842f9b4eb2d1b8\">ondersteun ons als<\/h2>\n\n\n\n<h3 class=\"wp-block-heading has-text-align-center has-castoro-titling-font-family has-bbe-title-2-font-size\" style=\"text-transform:uppercase\">SPONSOR<\/h3>\n<\/div>\n\n\n\n<p>Ons Ru\u00efnetheater trekt ieder jaar weer veel bezoekers, jong en oud, uit de directe omgeving maar ook van verder weg. We leveren daardoor een mooie bijdrage aan de beeldvorming en naamsbekendheid van Batenburg en het prachtige Land van Maas en Waal.<\/p>\n\n\n\n<p>Interessant misschien voor u om ons theater te sponsoren? Wij stellen uw bijdrage zeer op prijs!<\/p>\n\n\n\n<p>Voor informatie kunt u zich wenden tot het bestuur van Stichting Ru\u00efnetheater Batenburg via&nbsp;<a href=\"mailto:penningmeester@ruinetheaterbatenburg.nl\">penningmeester@ruinetheaterbatenburg.nl<\/a><\/p>\n\n\n\n<div class=\"wp-block-group has-bbe-neutral-100-background-color has-background has-global-padding is-layout-constrained wp-container-core-group-is-layout-b5ded5ea wp-block-group-is-layout-constrained\" style=\"padding-top:var(--wp--preset--spacing--bbe-30);padding-right:var(--wp--preset--spacing--bbe-30);padding-bottom:var(--wp--preset--spacing--bbe-30);padding-left:var(--wp--preset--spacing--bbe-30)\">\n<p>We bieden u in onderling overleg, afhankelijk van het bedrag:<\/p>\n\n\n\n<ul class=\"wp-block-list\">\n<li>een aantal gratis toegangskaarten;<\/li>\n\n\n\n<li>gezellige borrel in de Bentheimer Schuur met een hapje en een drankje;<\/li>\n<\/ul>\n\n\n\n<p>U krijgt uiteraard 3x per jaar onze nieuwsbrieven, zodat u tijdig op de hoogte bent van de mogelijkheden voor uw familie, uw zakenrelaties, team of personeel.<\/p>\n\n\n\n<p>En natuurlijk vermelden wij u als sponsor op onze website!<\/p>\n<\/div>\n\n\n\n<div style=\"height:70px\" aria-hidden=\"true\" class=\"wp-block-spacer\"><\/div>\n\n\n\n<div class=\"wp-block-group alignwide has-global-padding is-layout-constrained wp-block-group-is-layout-constrained\">\n<div class=\"wp-block-group alignwide is-vertical is-content-justification-stretch is-layout-flex wp-container-core-group-is-layout-d64b8eb1 wp-block-group-is-layout-flex\">\n<h2 class=\"wp-block-heading has-text-align-center has-bbe-primary-600-color has-text-color has-link-color has-bbe-x-large-font-size wp-elements-8b74002f3ee7265be0309adc1ae62980\">of ondersteun ons als<\/h2>\n\n\n\n<h3 class=\"wp-block-heading has-text-align-center has-castoro-titling-font-family has-bbe-title-2-font-size\" style=\"text-transform:uppercase\">vriend of clublid<\/h3>\n<\/div>\n<\/div>\n\n\n\n<p>U hebt genoten van onze voorstelling en denkt: ik kom zeker terug?<br><br><strong>Word dan \u2018Vriend\u2019 of \u2018Clublid van het Ruinetheater\u2019!<\/strong><\/p>\n\n\n\n<p>De productie van een theatervoorstelling van het Ruinetheater kent vele aspecten. Naast de inhoudelijke input zoals het thema en de verhaallijn, de muzikale omlijsting en de vele voorbereidende oefenmomenten, zijn er ook aspecten die op een andere manier bijdragen aan een goede voorstelling. Te denken valt aan het ontwerp en de productie van kleding, het decor, de tribune en het geluid. Promotie en publiciteit voor de voorstellingen (nieuwsbrief, website, flyers en billboards) zijn activiteiten die veelal \u2018achter de schermen\u2019 plaats vinden.<\/p>\n\n\n\n<div class=\"wp-block-group has-bbe-neutral-100-background-color has-background has-global-padding is-layout-constrained wp-container-core-group-is-layout-b5ded5ea wp-block-group-is-layout-constrained\" style=\"padding-top:var(--wp--preset--spacing--bbe-30);padding-right:var(--wp--preset--spacing--bbe-30);padding-bottom:var(--wp--preset--spacing--bbe-30);padding-left:var(--wp--preset--spacing--bbe-30)\">\n<p><em>Wilt u clublid of vriend worden, of heeft u nog vragen?&nbsp;<br>Neem dan contact met ons op via&nbsp;<\/em><a href=\"mailto:communicatie@ruinetheaterbatenburg.nl\"><em>communicatie@ruinetheaterbatenburg.nl<\/em><\/a><\/p>\n<\/div>\n\n\n\n<div style=\"height:70px\" aria-hidden=\"true\" class=\"wp-block-spacer\"><\/div>\n\n\n\n<div class=\"wp-block-group alignwide has-global-padding is-layout-constrained wp-block-group-is-layout-constrained\">\n<div class=\"wp-block-group alignwide is-vertical is-content-justification-stretch is-layout-flex wp-container-core-group-is-layout-d64b8eb1 wp-block-group-is-layout-flex\">\n<h2 class=\"wp-block-heading has-text-align-center has-bbe-primary-600-color has-text-color has-link-color has-bbe-x-large-font-size wp-elements-a655a5429078d11ae31965ffa73b5aec\">wat betekent dit<\/h2>\n\n\n\n<h3 class=\"wp-block-heading has-text-align-center has-castoro-titling-font-family has-bbe-title-2-font-size\" style=\"text-transform:uppercase\">voordelen<\/h3>\n<\/div>\n<\/div>\n\n\n\n<div class=\"wp-block-columns is-layout-flex wp-container-core-columns-is-layout-28f84493 wp-block-columns-is-layout-flex wpbbe-7\">\n<div class=\"wp-block-column is-layout-flow wp-block-column-is-layout-flow wpbbe-5\" style=\"flex-basis:50%\">\n<h4 class=\"wp-block-heading has-bbe-primary-700-color has-text-color has-link-color wp-elements-7af79a0dc315ad6689d306a8099ef938\">voor de voorstelling<\/h4>\n\n\n\n<p>U draagt een steentje bij aan een gezonde financi\u00eble basis van het Ru\u00efnetheater. U maakt het mogelijk dat &nbsp;er door uw binding en betrokkenheid bij de stichting een basis van continu\u00efteit is en dat er door uw bijdrage een theatervoorstelling komt! Als vriend van het Ru\u00efnetheater Batenburg betaalt u 20 euro per jaar. Bent u clublid, dan betaalt u 70 euro per jaar.<\/p>\n<\/div>\n\n\n\n<div class=\"wp-block-column is-layout-flow wp-block-column-is-layout-flow wpbbe-6\" style=\"flex-basis:50%\">\n<h4 class=\"wp-block-heading has-bbe-primary-700-color has-text-color has-link-color wp-elements-8918a613b26da5258b6f1be1cfe09823\">voor u<\/h4>\n\n\n\n<p>Onze vrienden en clubleden krijgen gratis toegangskaarten en toegangskaarten met korting voor introduc\u00e9\u2019s.&nbsp;Voor de vrienden zijn dat \u00e9\u00e9n gratis entreekaart en \u00e9\u00e9n entreekaart voor de halve prijs, leden krijgen twee gratis entreekaarten en twee entreekaarten voor de halve prijs.<\/p>\n<\/div>\n<\/div>\n","protected":false},"excerpt":{"rendered":"<p>sponsor Word sponsor en ondersteun daarmee de voorstellingen vriend of clublid Als vriend of clublid krijgt u kleine voordelen en is ook uw extra ondersteuning welkom voordelen De voordelen als vriend of clublid ondersteun ons als SPONSOR Ons Ru\u00efnetheater trekt ieder jaar weer veel bezoekers, jong en oud, uit de directe omgeving maar ook van [&hellip;]<\/p>\n","protected":false},"author":1,"featured_media":0,"parent":0,"menu_order":0,"comment_status":"closed","ping_status":"closed","template":"","meta":{"footnotes":""},"class_list":["post-12223","page","type-page","status-publish","hentry"],"_links":{"self":[{"href":"https:\/\/ruinetheater.nl\/index.php\/wp-json\/wp\/v2\/pages\/12223","targetHints":{"allow":["GET"]}}],"collection":[{"href":"https:\/\/ruinetheater.nl\/index.php\/wp-json\/wp\/v2\/pages"}],"about":[{"href":"https:\/\/ruinetheater.nl\/index.php\/wp-json\/wp\/v2\/types\/page"}],"author":[{"embeddable":true,"href":"https:\/\/ruinetheater.nl\/index.php\/wp-json\/wp\/v2\/users\/1"}],"replies":[{"embeddable":true,"href":"https:\/\/ruinetheater.nl\/index.php\/wp-json\/wp\/v2\/comments?post=12223"}],"version-history":[{"count":2,"href":"https:\/\/ruinetheater.nl\/index.php\/wp-json\/wp\/v2\/pages\/12223\/revisions"}],"predecessor-version":[{"id":12288,"href":"https:\/\/ruinetheater.nl\/index.php\/wp-json\/wp\/v2\/pages\/12223\/revisions\/12288"}],"wp:attachment":[{"href":"https:\/\/ruinetheater.nl\/index.php\/wp-json\/wp\/v2\/media?parent=12223"}],"curies":[{"name":"wp","href":"https:\/\/api.w.org\/{rel}","templated":true}]}}